{"id":95,"date":"2018-06-06T16:29:11","date_gmt":"2018-06-06T16:29:11","guid":{"rendered":"https:\/\/globalvas.wpengine.com\/es\/?page_id=95"},"modified":"2018-08-01T16:12:45","modified_gmt":"2018-08-01T16:12:45","slug":"acerca-de-nosotros","status":"publish","type":"page","link":"https:\/\/global.vas.com\/es\/acerca-de-nosotros\/","title":{"rendered":"Acerca de Nosotros"},"content":{"rendered":"[mk_page_section bg_image=&#8221;https:\/\/globalvas.wpengine.com\/es\/wp-content\/uploads\/sites\/2\/img\/header\/VAS-Office-Group-21.jpg&#8221; bg_position=&#8221;center center&#8221; bg_repeat=&#8221;no-repeat&#8221; bg_stretch=&#8221;true&#8221; enable_3d=&#8221;true&#8221; min_height=&#8221;&#8221; full_width=&#8221;true&#8221; js_vertical_centered=&#8221;true&#8221; padding_top=&#8221;&#8221; padding_bottom=&#8221;&#8221; margin_bottom=&#8221;&#8221; section_id=&#8221;mainHeader&#8221; sidebar=&#8221;sidebar-1&#8243;][vc_column][vc_row_inner is_fullwidth_content=&#8221;false&#8221; css=&#8221;.vc_custom_1528932216196{padding-right: 15px !important;padding-left: 15px !important;}&#8221;][vc_column_inner][mk_fancy_title color=&#8221;#ffffff&#8221; size=&#8221;50&#8243; font_weight=&#8221;bold&#8221; font_family=&#8221;none&#8221; responsive_align=&#8221;left&#8221;]Sobre nosotros[\/mk_fancy_title][\/vc_column_inner][\/vc_row_inner][\/vc_column][\/mk_page_section][mk_page_section bg_position=&#8221;center center&#8221; bg_repeat=&#8221;no-repeat&#8221; padding_top=&#8221;50&#8243; padding_bottom=&#8221;50&#8243; el_class=&#8221;content&#8221; sidebar=&#8221;sidebar-1&#8243;][vc_column][vc_row_inner][vc_column_inner][mk_fancy_title tag_name=&#8221;h3&#8243; color=&#8221;#84a23d&#8221; size=&#8221;&#8221; font_family=&#8221;none&#8221;]Antecedentes de la Compa\u00f1\u00eda[\/mk_fancy_title][vc_column_text css=&#8221;.vc_custom_1533139916465{margin-bottom: 0px !important;}&#8221;]La compa\u00f1\u00eda fue fundada en 1981 por dos veterinarios, Connor Jameson y Steve Eicker. Su proyecto inicial fue DairyComp 305, un paquete de manejo de hatos que combinaba la funcionalidad de los primeros paquetes de Software de las hojas de c\u00e1lculo, base de datos y gr\u00e1ficos en un solo programa integral espec\u00edficamente lechero. DairyComp ha madurado dentro de un s\u00f3lido paquete que se utiliza para manejar aproximadamente al 60% de las vacas en los Estados Unidos. Las variantes del DairyComp tambi\u00e9n est\u00e1n siendo utilizados por fuera del establo por Consultores del mismo tales como veterinarios, nutricionistas, T\u00e9cnicos DHI y T\u00e9cnicos en I.A.[\/vc_column_text][\/vc_column_inner][\/vc_row_inner][vc_row_inner][vc_column_inner][mk_fancy_title tag_name=&#8221;h3&#8243; color=&#8221;#84a23d&#8221; size=&#8221;&#8221; font_family=&#8221;none&#8221;]Nuestras Ventajas[\/mk_fancy_title][vc_column_text css=&#8221;.vc_custom_1533139931069{margin-bottom: 0px !important;}&#8221;]Valley Agricultural Software (VAS) como su nombre lo implica es Primero la Agricultura, despu\u00e9s el Software. Si bien estamos muy orgullosos de nuestros productos software, somos una empresa nacida de la agricultura. Desde los fundadores de la empresa, hasta los t\u00e9cnicos de apoyo hay una gran cantidad de experiencia en la producci\u00f3n y el conocimiento adquirido a la antigua manera.<\/p>\n<p>Comprendemos que su negocio no es f\u00e1cil. Sus prioridades pueden ser diferentes que las de otros clientes. Nuestro software tiene la flexibilidad de ayudarlo a manejar su operaci\u00f3n y nuestro personal de soporte entiende de lo que usted est\u00e1 hablando.[\/vc_column_text][\/vc_column_inner][\/vc_row_inner][vc_row_inner][vc_column_inner][mk_fancy_title tag_name=&#8221;h3&#8243; color=&#8221;#84a23d&#8221; size=&#8221;&#8221; font_family=&#8221;none&#8221;]\u00bfPor qu\u00e9 Escogernos?[\/mk_fancy_title][vc_column_text css=&#8221;.vc_custom_1533139947853{margin-bottom: 0px !important;}&#8221;]Conocemos el negocio y sabemos que est\u00e1 cambiando. Ya sea que se trate del ID de un animal, rastrear la producci\u00f3n de leche, un software de alimentaci\u00f3n o escalas de plataforma automatizadas, nosotros continuamente nos esforzamos para mantener nuestras aplicaciones de software a la vanguardia. Nuestro equipo de desarrollo observa las tendencias, solicita informaci\u00f3n de nuestros valiosos clientes y lo combina con su experiencia e imaginaci\u00f3n para mantener a VAS como l\u00edder en tecnolog\u00eda agr\u00edcola. Aunque estamos orgullosos de lo que hemos hecho, estamos a\u00fan m\u00e1s entusiasmados con el futuro. Un futuro definido por una mayor eficiencia y una producci\u00f3n optimizada, facilitada por la tecnolog\u00eda.[\/vc_column_text][\/vc_column_inner][\/vc_row_inner][vc_row_inner][vc_column_inner][mk_fancy_title tag_name=&#8221;h3&#8243; color=&#8221;#84a23d&#8221; size=&#8221;&#8221; font_family=&#8221;none&#8221;]Valores de Valley Agricultural Software[\/mk_fancy_title][vc_column_text css=&#8221;.vc_custom_1533139962538{margin-bottom: 0px !important;}&#8221;]Creemos en la honestidad y la integridad en todo lo que hacemos. no hay alternativa. Valoramos altamente a nuestros clientes\/vendedores y estamos comprometidos a resolver sus necesidades de manera justa y r\u00e1pida. Animamos la innovaci\u00f3n y creatividad de cada empleado, en cada departamento. Los errores que surgen de las buenas intenciones y el trabajo duro se distinguen de los que se derivan de la falta de esfuerzo y descuido. Estamos comprometidos con un ambiente que respeta y valora los antecedentes, intereses y talentos diversos de nuestros empleados. Protegemos los recursos de nuestra empresa para beneficiar a quienes dependen de nosotros, como nuestros clientes y empleados.[\/vc_column_text][\/vc_column_inner][\/vc_row_inner][\/vc_column][\/mk_page_section]\n","protected":false},"excerpt":{"rendered":"<p>[mk_page_section bg_image=&#8221;https:\/\/globalvas.wpengine.com\/es\/wp-content\/uploads\/sites\/2\/img\/header\/VAS-Office-Group-21.jpg&#8221; bg_position=&#8221;center center&#8221; bg_repeat=&#8221;no-repeat&#8221; bg_stretch=&#8221;true&#8221; enable_3d=&#8221;true&#8221; min_height=&#8221;&#8221; full_width=&#8221;true&#8221; js_vertical_centered=&#8221;true&#8221; padding_top=&#8221;&#8221; padding_bottom=&#8221;&#8221; margin_bottom=&#8221;&#8221; section_id=&#8221;mainHeader&#8221; sidebar=&#8221;sidebar-1&#8243;][vc_column][vc_row_inner is_fullwidth_content=&#8221;false&#8221; css=&#8221;.vc_custom_1528932216196{padding-right: 15px !important;padding-left: 15px !important;}&#8221;][vc_column_inner][mk_fancy_title color=&#8221;#ffffff&#8221; size=&#8221;50&#8243; font_weight=&#8221;bold&#8221; font_family=&#8221;none&#8221; responsive_align=&#8221;left&#8221;]Sobre nosotros[\/mk_fancy_title][\/vc_column_inner][\/vc_row_inner][\/vc_column][\/mk_page_section][mk_page_section bg_position=&#8221;center center&#8221; bg_repeat=&#8221;no-repeat&#8221; padding_top=&#8221;50&#8243; padding_bottom=&#8221;50&#8243; el_class=&#8221;content&#8221; sidebar=&#8221;sidebar-1&#8243;][vc_column][vc_row_inner][vc_column_inner][mk_fancy_title tag_name=&#8221;h3&#8243; color=&#8221;#84a23d&#8221; size=&#8221;&#8221; font_family=&#8221;none&#8221;]Antecedentes de la Compa\u00f1\u00eda[\/mk_fancy_title][vc_column_text css=&#8221;.vc_custom_1533139916465{margin-bottom: 0px !important;}&#8221;]La compa\u00f1\u00eda fue fundada en 1981 por dos veterinarios, Connor Jameson y [&hellip;]<\/p>\n","protected":false},"author":8,"featured_media":0,"parent":0,"menu_order":0,"comment_status":"closed","ping_status":"closed","template":"","meta":{"footnotes":""},"_links":{"self":[{"href":"https:\/\/global.vas.com\/es\/wp-json\/wp\/v2\/pages\/95"}],"collection":[{"href":"https:\/\/global.vas.com\/es\/wp-json\/wp\/v2\/pages"}],"about":[{"href":"https:\/\/global.vas.com\/es\/wp-json\/wp\/v2\/types\/page"}],"author":[{"embeddable":true,"href":"https:\/\/global.vas.com\/es\/wp-json\/wp\/v2\/users\/8"}],"replies":[{"embeddable":true,"href":"https:\/\/global.vas.com\/es\/wp-json\/wp\/v2\/comments?post=95"}],"version-history":[{"count":0,"href":"https:\/\/global.vas.com\/es\/wp-json\/wp\/v2\/pages\/95\/revisions"}],"wp:attachment":[{"href":"https:\/\/global.vas.com\/es\/wp-json\/wp\/v2\/media?parent=95"}],"curies":[{"name":"wp","href":"https:\/\/api.w.org\/{rel}","templated":true}]}}