{"id":541,"date":"2018-06-14T15:35:06","date_gmt":"2018-06-14T15:35:06","guid":{"rendered":"https:\/\/globalvas.wpengine.com\/es\/?page_id=541"},"modified":"2018-08-01T23:47:42","modified_gmt":"2018-08-01T23:47:42","slug":"feedcomp","status":"publish","type":"page","link":"https:\/\/global.vas.com\/es\/feedcomp\/","title":{"rendered":"FeedComp"},"content":{"rendered":"[mk_page_section bg_image=&#8221;https:\/\/globalvas.wpengine.com\/es\/wp-content\/uploads\/sites\/2\/img\/header\/veerway-dairy-11.jpg&#8221; bg_position=&#8221;center center&#8221; bg_repeat=&#8221;no-repeat&#8221; bg_stretch=&#8221;true&#8221; enable_3d=&#8221;true&#8221; min_height=&#8221;&#8221; full_width=&#8221;true&#8221; js_vertical_centered=&#8221;true&#8221; padding_top=&#8221;&#8221; padding_bottom=&#8221;&#8221; margin_bottom=&#8221;&#8221; section_id=&#8221;mainHeader&#8221; sidebar=&#8221;sidebar-1&#8243;][vc_column][vc_row_inner is_fullwidth_content=&#8221;false&#8221; css=&#8221;.vc_custom_1528990361822{padding-right: 15px !important;padding-left: 15px !important;}&#8221;][vc_column_inner][mk_fancy_title color=&#8221;#ffffff&#8221; size=&#8221;50&#8243; font_weight=&#8221;bold&#8221; font_family=&#8221;none&#8221; responsive_align=&#8221;left&#8221;]FeedComp[\/mk_fancy_title][mk_fancy_title tag_name=&#8221;h6&#8243; color=&#8221;#ffffff&#8221; size=&#8221;&#8221; margin_bottom=&#8221;&#8221; font_family=&#8221;none&#8221; responsive_align=&#8221;left&#8221;]Los d\u00f3lares que usted invierte en alimento crean los d\u00f3lares que usted gana en productividad. Aumente su rentabilidad con mayor eficiencia y menos desperdicio.[\/mk_fancy_title][\/vc_column_inner][\/vc_row_inner][\/vc_column][\/mk_page_section][mk_page_section bg_position=&#8221;center center&#8221; bg_repeat=&#8221;no-repeat&#8221; padding_top=&#8221;50&#8243; padding_bottom=&#8221;50&#8243; el_class=&#8221;content&#8221; sidebar=&#8221;sidebar-1&#8243;][vc_column][vc_row_inner][vc_column_inner][mk_fancy_title tag_name=&#8221;h3&#8243; color=&#8221;#84a23d&#8221; size=&#8221;&#8221; font_family=&#8221;none&#8221;]Flexibilidad[\/mk_fancy_title][vc_column_text css=&#8221;.vc_custom_1533167192082{margin-bottom: 0px !important;}&#8221;]Las cuentas de alimentaci\u00f3n mayores al 60% del costo de la producci\u00f3n de leche, hacen de \u00e9ste el mayor costo de insumos por mucho. Es imprescindible para los productores lecheros administrar con \u00e9xito los costos de los insumos con el fin de obtener un mayor retorno de la inversi\u00f3n. FeedComp, software para Manejo de Alimentaci\u00f3n dise\u00f1ado a partir de una filosof\u00eda de flexibilidad, manteniendo una capacidad anal\u00edtica completa, ha sido desarrollado para ayudarle a gestionar sus sistemas de alimentaci\u00f3n con precisi\u00f3n y facilidad. Este software monitorea el uso de piensos, las ventas, las compras, las ingestas por animal y el costo. Otras caracter\u00edsticas incluyen archivos de exportaci\u00f3n para Consultores, gr\u00e1ficos, informes personalizables, niveles de qu\u00edmica, as\u00ed como inventarios actuales y de pron\u00f3stico.<\/p>\n[\/vc_column_text][\/vc_column_inner][\/vc_row_inner][vc_row_inner][vc_column_inner][mk_gallery images=&#8221;542&#8243; column=&#8221;1&#8243; image_size=&#8221;full&#8221; hover_scenarios=&#8221;slow_zoom&#8221;][\/vc_column_inner][\/vc_row_inner][vc_row_inner el_class=&#8221;shift-up-small&#8221;][vc_column_inner width=&#8221;1\/2&#8243;][\/vc_column_inner][vc_column_inner el_class=&#8221;white-point&#8221; width=&#8221;1\/2&#8243; css=&#8221;.vc_custom_1529009506971{padding: 15px !important;background-color: #ffffff !important;}&#8221;][vc_column_text css=&#8221;.vc_custom_1533167204524{margin-bottom: 0px !important;}&#8221;]<span style=\"color: #004c75;\">&#8220;Con el costo de los ingredientes de piensos cada vez m\u00e1s caros, FeedComp es instrumental en el seguimiento de ingredientes dentro y fuera, la gesti\u00f3n de inventarios y reducir.&#8221;<\/span><\/p>\n<p><span style=\"color: #84a23d;\">Mike Larson, Larson Acres, Evansville, WI<\/span>[\/vc_column_text][\/vc_column_inner][\/vc_row_inner][vc_row_inner][vc_column_inner][mk_fancy_title tag_name=&#8221;h3&#8243; color=&#8221;#84a23d&#8221; size=&#8221;&#8221; font_family=&#8221;none&#8221;]Automatizaci\u00f3n[\/mk_fancy_title][vc_column_text css=&#8221;.vc_custom_1533167225090{margin-bottom: 0px !important;}&#8221;]FeedComp funciona con camiones mezcladores y vagones, o con mezcladores estacionarios y camiones de reparto. El programa FeedComp utiliza un indicador de escala de mezclador industrializado, fabricado por Avery-Weightronix y GSE, y una pantalla externa LED ultra brillante de Grayhill. FeedComp tiene la mejor comunicaci\u00f3n inal\u00e1mbrica entre los camiones \/ tractores y la oficina en la industria. El software supervisar\u00e1 el uso de piensos, las ventas, las compras, las ingestiones de animales y el costo. Tambi\u00e9n se interconecta con DC305 para extraer los recuentos de plumas y hacer un seguimiento de la historia de animales individuales. FeedComp tambi\u00e9n puede ser configurado para ser completamente automatizado mediante el uso de micro m\u00e1quinas para mezclar ingredientes y transformar transportadores de encendido y apagado.[\/vc_column_text][\/vc_column_inner][\/vc_row_inner][\/vc_column][\/mk_page_section][mk_page_section bg_color=&#8221;#134e73&#8243; bg_position=&#8221;center center&#8221; bg_repeat=&#8221;no-repeat&#8221; full_width=&#8221;true&#8221; padding_top=&#8221;50&#8243; padding_bottom=&#8221;50&#8243; sidebar=&#8221;sidebar-1&#8243;][vc_column][vc_row_inner is_fullwidth_content=&#8221;false&#8221;][vc_column_inner][mk_custom_list style=&#8221;mk-moon-checkmark-3&#8243; el_class=&#8221;blueList&#8221;]\n<ul>\n<li>Eliminar las hojas de alimentaci\u00f3n<\/li>\n<li>Monitorea las entradas<\/li>\n<li>Pistas Ingrediente \/ Ratio Qu\u00edmicas<\/li>\n<li>Reduce los desechos de alimentaci\u00f3n<\/li>\n<li>Rastrea los ingresos sobre el precio de los piensos<\/li>\n<li>Verifica la precisi\u00f3n de la alimentaci\u00f3n<\/li>\n<li>Rastrea los contratos de alimentaci\u00f3n<\/li>\n<li>Optimiza la alimentaci\u00f3n de la pluma<\/li>\n<\/ul>\n[\/mk_custom_list][\/vc_column_inner][\/vc_row_inner][\/vc_column][\/mk_page_section][mk_page_section bg_position=&#8221;center center&#8221; bg_repeat=&#8221;no-repeat&#8221; padding_top=&#8221;50&#8243; padding_bottom=&#8221;50&#8243; sidebar=&#8221;sidebar-1&#8243;][vc_column][vc_row_inner][vc_column_inner][mk_fancy_title tag_name=&#8221;h3&#8243; color=&#8221;#84a23d&#8221; size=&#8221;&#8221; font_family=&#8221;none&#8221;]FeedComp Training[\/mk_fancy_title][vc_column_text css=&#8221;.vc_custom_1528990608645{margin-bottom: 0px !important;}&#8221;]To learn more about FeedComp and how to use some of the basic functions view our FeedComp training videos here:[\/vc_column_text][vc_column_text css=&#8221;.vc_custom_1528990628786{margin-bottom: 0px !important;}&#8221;]<iframe loading=\"lazy\" src=\"https:\/\/www.youtube.com\/embed\/07csvYwKp1U\" width=\"560\" height=\"500\" frameborder=\"0\" allowfullscreen=\"allowfullscreen\"><\/iframe>[\/vc_column_text][\/vc_column_inner][\/vc_row_inner][\/vc_column][\/mk_page_section][mk_page_section bg_position=&#8221;center center&#8221; bg_repeat=&#8221;no-repeat&#8221; padding_top=&#8221;50&#8243; padding_bottom=&#8221;50&#8243; sidebar=&#8221;sidebar-1&#8243;][vc_column][vc_row_inner][vc_column_inner][mk_button dimension=&#8221;flat&#8221; size=&#8221;large&#8221; url=&#8221;\/wp-content\/uploads\/2018\/06\/feedwatch.pdf&#8221; target=&#8221;_blank&#8221; margin_top=&#8221;&#8221; margin_bottom=&#8221;20&#8243; margin_right=&#8221;&#8221; el_class=&#8221;btn-green btn&#8221;]More information on FeedComp[\/mk_button][\/vc_column_inner][\/vc_row_inner][\/vc_column][\/mk_page_section]\n","protected":false},"excerpt":{"rendered":"<p>[mk_page_section bg_image=&#8221;https:\/\/globalvas.wpengine.com\/es\/wp-content\/uploads\/sites\/2\/img\/header\/veerway-dairy-11.jpg&#8221; bg_position=&#8221;center center&#8221; bg_repeat=&#8221;no-repeat&#8221; bg_stretch=&#8221;true&#8221; enable_3d=&#8221;true&#8221; min_height=&#8221;&#8221; full_width=&#8221;true&#8221; js_vertical_centered=&#8221;true&#8221; padding_top=&#8221;&#8221; padding_bottom=&#8221;&#8221; margin_bottom=&#8221;&#8221; section_id=&#8221;mainHeader&#8221; sidebar=&#8221;sidebar-1&#8243;][vc_column][vc_row_inner is_fullwidth_content=&#8221;false&#8221; css=&#8221;.vc_custom_1528990361822{padding-right: 15px !important;padding-left: 15px !important;}&#8221;][vc_column_inner][mk_fancy_title color=&#8221;#ffffff&#8221; size=&#8221;50&#8243; font_weight=&#8221;bold&#8221; font_family=&#8221;none&#8221; responsive_align=&#8221;left&#8221;]FeedComp[\/mk_fancy_title][mk_fancy_title tag_name=&#8221;h6&#8243; color=&#8221;#ffffff&#8221; size=&#8221;&#8221; margin_bottom=&#8221;&#8221; font_family=&#8221;none&#8221; responsive_align=&#8221;left&#8221;]Los d\u00f3lares que usted invierte en alimento crean los d\u00f3lares que usted gana en productividad. Aumente su rentabilidad con mayor eficiencia y menos desperdicio.[\/mk_fancy_title][\/vc_column_inner][\/vc_row_inner][\/vc_column][\/mk_page_section][mk_page_section [&hellip;]<\/p>\n","protected":false},"author":8,"featured_media":0,"parent":0,"menu_order":0,"comment_status":"closed","ping_status":"closed","template":"","meta":{"footnotes":""},"_links":{"self":[{"href":"https:\/\/global.vas.com\/es\/wp-json\/wp\/v2\/pages\/541"}],"collection":[{"href":"https:\/\/global.vas.com\/es\/wp-json\/wp\/v2\/pages"}],"about":[{"href":"https:\/\/global.vas.com\/es\/wp-json\/wp\/v2\/types\/page"}],"author":[{"embeddable":true,"href":"https:\/\/global.vas.com\/es\/wp-json\/wp\/v2\/users\/8"}],"replies":[{"embeddable":true,"href":"https:\/\/global.vas.com\/es\/wp-json\/wp\/v2\/comments?post=541"}],"version-history":[{"count":0,"href":"https:\/\/global.vas.com\/es\/wp-json\/wp\/v2\/pages\/541\/revisions"}],"wp:attachment":[{"href":"https:\/\/global.vas.com\/es\/wp-json\/wp\/v2\/media?parent=541"}],"curies":[{"name":"wp","href":"https:\/\/api.w.org\/{rel}","templated":true}]}}