{"id":389,"date":"2018-06-11T15:29:27","date_gmt":"2018-06-11T15:29:27","guid":{"rendered":"https:\/\/globalvas.wpengine.com\/es\/?page_id=389"},"modified":"2018-08-01T20:16:08","modified_gmt":"2018-08-01T20:16:08","slug":"inspiracion","status":"publish","type":"page","link":"https:\/\/global.vas.com\/es\/inspiracion\/","title":{"rendered":"Inspiraci\u00f3n"},"content":{"rendered":"[mk_page_section bg_image=&#8221;https:\/\/globalvas.wpengine.com\/es\/wp-content\/uploads\/sites\/2\/img\/header\/4C2_13571.jpg&#8221; bg_position=&#8221;center center&#8221; bg_repeat=&#8221;no-repeat&#8221; bg_stretch=&#8221;true&#8221; enable_3d=&#8221;true&#8221; min_height=&#8221;&#8221; full_width=&#8221;true&#8221; js_vertical_centered=&#8221;true&#8221; padding_top=&#8221;&#8221; padding_bottom=&#8221;&#8221; margin_bottom=&#8221;&#8221; section_id=&#8221;mainHeader&#8221; sidebar=&#8221;sidebar-1&#8243;][vc_column][vc_row_inner is_fullwidth_content=&#8221;false&#8221; css=&#8221;.vc_custom_1528932294636{padding-right: 15px !important;padding-left: 15px !important;}&#8221;][vc_column_inner][mk_fancy_title color=&#8221;#ffffff&#8221; size=&#8221;50&#8243; font_weight=&#8221;bold&#8221; font_family=&#8221;none&#8221; responsive_align=&#8221;left&#8221;]Los agricultores de todo el mundo nos inspiran a hacer m\u00e1s[\/mk_fancy_title][mk_fancy_title tag_name=&#8221;h5&#8243; color=&#8221;#ffffff&#8221; size=&#8221;&#8221; font_family=&#8221;none&#8221; responsive_align=&#8221;left&#8221;]Usted es la inspiraci\u00f3n que nos impulsa a crear softwares y hardwares que funcionan para usted.[\/mk_fancy_title][\/vc_column_inner][\/vc_row_inner][\/vc_column][\/mk_page_section][mk_page_section bg_position=&#8221;center center&#8221; bg_repeat=&#8221;no-repeat&#8221; padding_top=&#8221;50&#8243; padding_bottom=&#8221;50&#8243; el_class=&#8221;inspirationSection&#8221; sidebar=&#8221;sidebar-1&#8243;][vc_column][vc_row_inner el_class=&#8221;inspirationPosts&#8221;][vc_column_inner][mk_blog style=&#8221;grid&#8221; column=&#8221;2&#8243; post_count=&#8221;4&#8243; cat=&#8221;32&#8243;][\/vc_column_inner][\/vc_row_inner][\/vc_column][\/mk_page_section][mk_page_section bg_image=&#8221;https:\/\/globalvas.wpengine.com\/es\/wp-content\/uploads\/sites\/2\/img\/header\/4C2_18011.jpg&#8221; bg_position=&#8221;center top&#8221; bg_repeat=&#8221;no-repeat&#8221; bg_stretch=&#8221;true&#8221; enable_3d=&#8221;true&#8221; adaptive_height=&#8221;true&#8221; max_height=&#8221;800&#8243; min_height=&#8221;600&#8243; full_width=&#8221;true&#8221; padding_top=&#8221;50&#8243; padding_bottom=&#8221;50&#8243; el_class=&#8221;height-70&#8243; sidebar=&#8221;sidebar-1&#8243;][vc_column][\/vc_column][\/mk_page_section][vc_row el_class=&#8221;shift-up-small z-99&#8243;][vc_column width=&#8221;1\/2&#8243;][\/vc_column][vc_column width=&#8221;1\/2&#8243; el_class=&#8221;white-point&#8221; css=&#8221;.vc_custom_1529016616277{padding: 15px !important;background-color: #ffffff !important;}&#8221;][vc_column_text css=&#8221;.vc_custom_1533153313885{margin-bottom: 0px !important;}&#8221;]<span style=\"color: #134e73;\">&#8220;Si tuviera que hacer eso con informes de papel individuales, me llevar\u00eda semanas pasar por todas las vacas. Ahora puedo hacerlo en tres horas. DairyComp nos da una instant\u00e1nea cada mes para comparar a la misma \u00e9poca el a\u00f1o pasado. Y puedo adaptarlo a las cosas que quiero ver. Puedo ordenar vacas. Puedo encontrar vacas. He estado bastante acostumbrado a mirar todo a trav\u00e9s del alcance de DairyComp. Es un programa muy potente, pero tambi\u00e9n muy amigable. Una vez que lo use por un tiempo, se vuelve m\u00e1s f\u00e1cil y m\u00e1s f\u00e1cil de operar. Hace mi trabajo mucho m\u00e1s f\u00e1cil en cada aspecto que puedo pensar.&#8221;<\/span><\/p>\n<p><span style=\"color: #84a23d;\">Fern Oak Farms<\/span>[\/vc_column_text][\/vc_column][\/vc_row][mk_page_section bg_position=&#8221;center center&#8221; bg_repeat=&#8221;no-repeat&#8221; padding_top=&#8221;50&#8243; padding_bottom=&#8221;50&#8243; sidebar=&#8221;sidebar-1&#8243;][vc_column][vc_row_inner][vc_column_inner][mk_fancy_title tag_name=&#8221;h3&#8243; color=&#8221;#84a23d&#8221; size=&#8221;&#8221; font_family=&#8221;none&#8221;]Art\u00edculos[\/mk_fancy_title][mk_blog style=&#8221;thumbnail&#8221; grid_image_height=&#8221;250&#8243; post_count=&#8221;4&#8243; cat=&#8221;8&#8243;][\/vc_column_inner][\/vc_row_inner][\/vc_column][\/mk_page_section]\n","protected":false},"excerpt":{"rendered":"<p>[mk_page_section bg_image=&#8221;https:\/\/globalvas.wpengine.com\/es\/wp-content\/uploads\/sites\/2\/img\/header\/4C2_13571.jpg&#8221; bg_position=&#8221;center center&#8221; bg_repeat=&#8221;no-repeat&#8221; bg_stretch=&#8221;true&#8221; enable_3d=&#8221;true&#8221; min_height=&#8221;&#8221; full_width=&#8221;true&#8221; js_vertical_centered=&#8221;true&#8221; padding_top=&#8221;&#8221; padding_bottom=&#8221;&#8221; margin_bottom=&#8221;&#8221; section_id=&#8221;mainHeader&#8221; sidebar=&#8221;sidebar-1&#8243;][vc_column][vc_row_inner is_fullwidth_content=&#8221;false&#8221; css=&#8221;.vc_custom_1528932294636{padding-right: 15px !important;padding-left: 15px !important;}&#8221;][vc_column_inner][mk_fancy_title color=&#8221;#ffffff&#8221; size=&#8221;50&#8243; font_weight=&#8221;bold&#8221; font_family=&#8221;none&#8221; responsive_align=&#8221;left&#8221;]Los agricultores de todo el mundo nos inspiran a hacer m\u00e1s[\/mk_fancy_title][mk_fancy_title tag_name=&#8221;h5&#8243; color=&#8221;#ffffff&#8221; size=&#8221;&#8221; font_family=&#8221;none&#8221; responsive_align=&#8221;left&#8221;]Usted es la inspiraci\u00f3n que nos impulsa a crear softwares y hardwares que funcionan para [&hellip;]<\/p>\n","protected":false},"author":8,"featured_media":0,"parent":0,"menu_order":0,"comment_status":"closed","ping_status":"closed","template":"","meta":{"footnotes":""},"_links":{"self":[{"href":"https:\/\/global.vas.com\/es\/wp-json\/wp\/v2\/pages\/389"}],"collection":[{"href":"https:\/\/global.vas.com\/es\/wp-json\/wp\/v2\/pages"}],"about":[{"href":"https:\/\/global.vas.com\/es\/wp-json\/wp\/v2\/types\/page"}],"author":[{"embeddable":true,"href":"https:\/\/global.vas.com\/es\/wp-json\/wp\/v2\/users\/8"}],"replies":[{"embeddable":true,"href":"https:\/\/global.vas.com\/es\/wp-json\/wp\/v2\/comments?post=389"}],"version-history":[{"count":0,"href":"https:\/\/global.vas.com\/es\/wp-json\/wp\/v2\/pages\/389\/revisions"}],"wp:attachment":[{"href":"https:\/\/global.vas.com\/es\/wp-json\/wp\/v2\/media?parent=389"}],"curies":[{"name":"wp","href":"https:\/\/api.w.org\/{rel}","templated":true}]}}