{"id":95,"date":"2018-06-06T16:29:11","date_gmt":"2018-06-06T16:29:11","guid":{"rendered":"https:\/\/globalvas.wpengine.com\/de\/?page_id=95"},"modified":"2018-08-02T15:53:32","modified_gmt":"2018-08-02T15:53:32","slug":"uber-uns","status":"publish","type":"page","link":"https:\/\/global.vas.com\/de\/uber-uns\/","title":{"rendered":"\u00dcber uns"},"content":{"rendered":"[mk_page_section bg_image=&#8220;https:\/\/globalvas.wpengine.com\/de\/wp-content\/uploads\/sites\/3\/img\/header\/VAS-Office-Group-21.jpg&#8220; bg_position=&#8220;center center&#8220; bg_repeat=&#8220;no-repeat&#8220; bg_stretch=&#8220;true&#8220; enable_3d=&#8220;true&#8220; min_height=&#8220;&#8220; full_width=&#8220;true&#8220; js_vertical_centered=&#8220;true&#8220; padding_top=&#8220;&#8220; padding_bottom=&#8220;&#8220; margin_bottom=&#8220;&#8220; section_id=&#8220;mainHeader&#8220; sidebar=&#8220;sidebar-1&#8243;][vc_column][vc_row_inner is_fullwidth_content=&#8220;false&#8220; css=&#8220;.vc_custom_1528932216196{padding-right: 15px !important;padding-left: 15px !important;}&#8220;][vc_column_inner][mk_fancy_title color=&#8220;#ffffff&#8220; size=&#8220;50&#8243; font_weight=&#8220;bold&#8220; font_family=&#8220;none&#8220; responsive_align=&#8220;left&#8220;]\u00dcber uns[\/mk_fancy_title][\/vc_column_inner][\/vc_row_inner][\/vc_column][\/mk_page_section][mk_page_section bg_position=&#8220;center center&#8220; bg_repeat=&#8220;no-repeat&#8220; padding_top=&#8220;50&#8243; padding_bottom=&#8220;50&#8243; el_class=&#8220;content&#8220; sidebar=&#8220;sidebar-1&#8243;][vc_column][vc_row_inner][vc_column_inner][mk_fancy_title tag_name=&#8220;h3&#8243; color=&#8220;#84a23d&#8220; size=&#8220;&#8220; font_family=&#8220;none&#8220;]Unternehmens \u00dcberblick[\/mk_fancy_title][vc_column_text css=&#8220;.vc_custom_1533225171560{margin-bottom: 0px !important;}&#8220;]Im Jahre 1981 wurde das Unternehmen von 2 Tier\u00e4rzten, Connor Jameson und Steve Eicker gegr\u00fcndet. Ihr erstes Projekt war DairyComp, ein Herdenmanagementsystem, das die Funktionen einfacher Tabellenkalkulations-, Datenbank- und Grafik-Programme in einem Programm vereinte. DairyComp ist zu einem soliden Paket herangewachsen, mit dem heute ca. 30% der K\u00fche in den USA gemanagt werden. Verschiedene Programmversionen von DairyComp sind ebenfalls weit verbreitet, wie z.B. die Beraterversion, die oft von Tier\u00e4rzten, F\u00fctterungsberatern und Besamungstechnikern genutzt wird und mobile Programme f\u00fcr Scanner oder Telefon.<\/p>\n[\/vc_column_text][\/vc_column_inner][\/vc_row_inner][vc_row_inner][vc_column_inner][mk_fancy_title tag_name=&#8220;h3&#8243; color=&#8220;#84a23d&#8220; size=&#8220;&#8220; font_family=&#8220;none&#8220;]Unsere Vorteile[\/mk_fancy_title][vc_column_text css=&#8220;.vc_custom_1533225183857{margin-bottom: 0px !important;}&#8220;]Valley Agricultural Software (VAS) ist, wie der Name sagt, zuerst Landwirtschaft und dann Software. Wir sind stolz auf unsere Softwareprodukte, aber wir sind ein Unternehmen, das aus der Landwirtschaft heraus geboren wurde. Von den Gr\u00fcndern dieses Unternehmens, \u00fcber das Managementteam bis hin zu den Support-Spezialisten gibt es eine gro\u00dfe Menge an Erfahrung und Kenntnissen, die durch die Arbeit auf landwirtschaftlichen Betrieben angeeignet wurde.<\/p>\n<p>Wir verstehen das Gesch\u00e4ft unserer Kunden nicht als ein einfaches Unterfangen. Ihr Fokus kann sich vom dem anderer Kollegen unterscheiden. Unsere Software hat die n\u00f6tige Flexibilit\u00e4t Ihnen zu helfen Ihren Betrieb zu managen und unser Support-Team versteht, wovon Sie sprechen.<\/p>\n[\/vc_column_text][\/vc_column_inner][\/vc_row_inner][vc_row_inner][vc_column_inner][mk_fancy_title tag_name=&#8220;h3&#8243; color=&#8220;#84a23d&#8220; size=&#8220;&#8220; font_family=&#8220;none&#8220;]Warum Wir?<br \/>\n[\/mk_fancy_title][vc_column_text css=&#8220;.vc_custom_1533225194832{margin-bottom: 0px !important;}&#8220;]Wir kennen die Branche und wir wissen, dass sich st\u00e4ndig etwas \u00e4ndert. Ob es die individuelle Tiernummer ist, die \u00dcberwachung der Milchproduktion, F\u00fctterungssoftware oder automatische Wiegesysteme, wir versuchen stets unsere Software-Applikationen auf dem neuesten Stand zu halten. Unser Entwicklungsteam beobachtet Trends, fordert Input von unseren gesch\u00e4tzten Kunden und verkn\u00fcpft es mit deren Erfahrungen und Vorstellungen, sodass VAS f\u00fchrend im Bereich Landwirtschaftstechnik bleibt. Wir sind sehr gespannt auf die Zukunft. Eine Zukunft, die mit Hilfe von neuen Technologien, durch steigende Effizienz und optimierte Prozesse gekennzeichnet ist.<\/p>\n[\/vc_column_text][\/vc_column_inner][\/vc_row_inner][vc_row_inner][vc_column_inner][mk_fancy_title tag_name=&#8220;h3&#8243; color=&#8220;#84a23d&#8220; size=&#8220;&#8220; font_family=&#8220;none&#8220;]Valley Agricultural Software Deutschland<br \/>\n[\/mk_fancy_title][vc_column_text css=&#8220;.vc_custom_1533225207708{margin-bottom: 0px !important;}&#8220;]2009 entschied sich die Alta Deutschland GmbH das f\u00fchrende Herdenmanagementprogramm aus den USA auf dem deutschen Markt zu etablieren. Im gleichen Jahr wurde der erste Milchviehbetrieb installiert und mittlerweile konnten wir viele Milchviehbetriebe, Berater und Tier\u00e4rzte f\u00fcr DairyComp begeistern. Progressive und innovative Milchviehbetriebe profitieren von unserer Software. Unser Support-Team steht unseren Kunden bei fachlichen und technischen Fragen vor Ort oder am Telefon jederzeit zur Seite. Unser Support-Team ist selbstverst\u00e4ndlich deutschsprachig und ist von Mo bis Fr von 8 \u2013 17 Uhr erreichbar. In dringenden F\u00e4llen auch au\u00dferhalb der regul\u00e4ren Zeiten.<\/p>\n[\/vc_column_text][\/vc_column_inner][\/vc_row_inner][\/vc_column][\/mk_page_section]\n","protected":false},"excerpt":{"rendered":"<p>[mk_page_section bg_image=&#8220;https:\/\/globalvas.wpengine.com\/de\/wp-content\/uploads\/sites\/3\/img\/header\/VAS-Office-Group-21.jpg&#8220; bg_position=&#8220;center center&#8220; bg_repeat=&#8220;no-repeat&#8220; bg_stretch=&#8220;true&#8220; enable_3d=&#8220;true&#8220; min_height=&#8220;&#8220; full_width=&#8220;true&#8220; js_vertical_centered=&#8220;true&#8220; padding_top=&#8220;&#8220; padding_bottom=&#8220;&#8220; margin_bottom=&#8220;&#8220; section_id=&#8220;mainHeader&#8220; sidebar=&#8220;sidebar-1&#8243;][vc_column][vc_row_inner is_fullwidth_content=&#8220;false&#8220; css=&#8220;.vc_custom_1528932216196{padding-right: 15px !important;padding-left: 15px !important;}&#8220;][vc_column_inner][mk_fancy_title color=&#8220;#ffffff&#8220; size=&#8220;50&#8243; font_weight=&#8220;bold&#8220; font_family=&#8220;none&#8220; responsive_align=&#8220;left&#8220;]\u00dcber uns[\/mk_fancy_title][\/vc_column_inner][\/vc_row_inner][\/vc_column][\/mk_page_section][mk_page_section bg_position=&#8220;center center&#8220; bg_repeat=&#8220;no-repeat&#8220; padding_top=&#8220;50&#8243; padding_bottom=&#8220;50&#8243; el_class=&#8220;content&#8220; sidebar=&#8220;sidebar-1&#8243;][vc_column][vc_row_inner][vc_column_inner][mk_fancy_title tag_name=&#8220;h3&#8243; color=&#8220;#84a23d&#8220; size=&#8220;&#8220; font_family=&#8220;none&#8220;]Unternehmens \u00dcberblick[\/mk_fancy_title][vc_column_text css=&#8220;.vc_custom_1533225171560{margin-bottom: 0px !important;}&#8220;]Im Jahre 1981 wurde das Unternehmen von 2 Tier\u00e4rzten, Connor Jameson und Steve Eicker [&hellip;]<\/p>\n","protected":false},"author":9,"featured_media":0,"parent":0,"menu_order":0,"comment_status":"closed","ping_status":"closed","template":"","meta":{"footnotes":""},"_links":{"self":[{"href":"https:\/\/global.vas.com\/de\/wp-json\/wp\/v2\/pages\/95"}],"collection":[{"href":"https:\/\/global.vas.com\/de\/wp-json\/wp\/v2\/pages"}],"about":[{"href":"https:\/\/global.vas.com\/de\/wp-json\/wp\/v2\/types\/page"}],"author":[{"embeddable":true,"href":"https:\/\/global.vas.com\/de\/wp-json\/wp\/v2\/users\/9"}],"replies":[{"embeddable":true,"href":"https:\/\/global.vas.com\/de\/wp-json\/wp\/v2\/comments?post=95"}],"version-history":[{"count":0,"href":"https:\/\/global.vas.com\/de\/wp-json\/wp\/v2\/pages\/95\/revisions"}],"wp:attachment":[{"href":"https:\/\/global.vas.com\/de\/wp-json\/wp\/v2\/media?parent=95"}],"curies":[{"name":"wp","href":"https:\/\/api.w.org\/{rel}","templated":true}]}}