{"id":891,"date":"2018-11-07T09:26:13","date_gmt":"2018-11-07T09:26:13","guid":{"rendered":"https:\/\/globalvas.wpengine.com\/de\/?page_id=891"},"modified":"2019-04-23T08:16:25","modified_gmt":"2019-04-23T08:16:25","slug":"anmeldebestaetigung","status":"publish","type":"page","link":"https:\/\/global.vas.com\/de\/anmeldebestaetigung\/","title":{"rendered":"Anmeldebest\u00e4tigung"},"content":{"rendered":"[vc_row][vc_column][vc_column_text css=&#8220;.vc_custom_1556007379197{margin-bottom: 0px !important;}&#8220;]\n<h4>Vielen Dank f\u00fcr Ihre Anmeldung<\/h4>\n<p>Wenn Ihre Email Adresse neu in unserem System ist, erhalten Sie jetzt einen Best\u00e4tigungslink per Email. Bitte schauen Sie in Ihrem Postfach nach und best\u00e4tigen Ihre Newsletter-Anmeldung mit einem Klick.<\/p>\n<p>Wenn Ihre Email Adresse bereits vorher in unser System aufgenommen wurde, brauchen Sie nichts weiter zu tun und erhalten ab sofort unsere Newsletter.<\/p>\n<p><a href=\"https:\/\/globalvas.wpengine.com\/de\/tipp-des-monats\/\">Bis dahin, schauen Sie sich gerne HIER die neuesten Tipps zu DairyComp an.<\/a>[\/vc_column_text][\/vc_column][\/vc_row]\n","protected":false},"excerpt":{"rendered":"<p>[vc_row][vc_column][vc_column_text css=&#8220;.vc_custom_1556007379197{margin-bottom: 0px !important;}&#8220;] Vielen Dank f\u00fcr Ihre Anmeldung Wenn Ihre Email Adresse neu in unserem System ist, erhalten Sie jetzt einen Best\u00e4tigungslink per Email. Bitte schauen Sie in Ihrem Postfach nach und best\u00e4tigen Ihre Newsletter-Anmeldung mit einem Klick. Wenn Ihre Email Adresse bereits vorher in unser System aufgenommen wurde, brauchen Sie nichts weiter zu [&hellip;]<\/p>\n","protected":false},"author":9,"featured_media":0,"parent":0,"menu_order":0,"comment_status":"closed","ping_status":"closed","template":"","meta":{"footnotes":""},"_links":{"self":[{"href":"https:\/\/global.vas.com\/de\/wp-json\/wp\/v2\/pages\/891"}],"collection":[{"href":"https:\/\/global.vas.com\/de\/wp-json\/wp\/v2\/pages"}],"about":[{"href":"https:\/\/global.vas.com\/de\/wp-json\/wp\/v2\/types\/page"}],"author":[{"embeddable":true,"href":"https:\/\/global.vas.com\/de\/wp-json\/wp\/v2\/users\/9"}],"replies":[{"embeddable":true,"href":"https:\/\/global.vas.com\/de\/wp-json\/wp\/v2\/comments?post=891"}],"version-history":[{"count":0,"href":"https:\/\/global.vas.com\/de\/wp-json\/wp\/v2\/pages\/891\/revisions"}],"wp:attachment":[{"href":"https:\/\/global.vas.com\/de\/wp-json\/wp\/v2\/media?parent=891"}],"curies":[{"name":"wp","href":"https:\/\/api.w.org\/{rel}","templated":true}]}}