{"id":541,"date":"2018-06-14T15:35:06","date_gmt":"2018-06-14T15:35:06","guid":{"rendered":"https:\/\/globalvas.wpengine.com\/de\/?page_id=541"},"modified":"2018-08-02T18:49:35","modified_gmt":"2018-08-02T18:49:35","slug":"pocket-cowcard-android","status":"publish","type":"page","link":"https:\/\/global.vas.com\/de\/pocket-cowcard-android\/","title":{"rendered":"Pocket CowCard Android"},"content":{"rendered":"[mk_page_section bg_image=&#8220;https:\/\/globalvas.wpengine.com\/de\/wp-content\/uploads\/sites\/3\/2018\/08\/ih0a7603.jpg&#8220; bg_position=&#8220;center center&#8220; bg_repeat=&#8220;no-repeat&#8220; bg_stretch=&#8220;true&#8220; enable_3d=&#8220;true&#8220; min_height=&#8220;&#8220; full_width=&#8220;true&#8220; js_vertical_centered=&#8220;true&#8220; padding_top=&#8220;&#8220; padding_bottom=&#8220;&#8220; margin_bottom=&#8220;&#8220; section_id=&#8220;mainHeader&#8220; sidebar=&#8220;sidebar-1&#8243;][vc_column][vc_row_inner is_fullwidth_content=&#8220;false&#8220; css=&#8220;.vc_custom_1528990361822{padding-right: 15px !important;padding-left: 15px !important;}&#8220;][vc_column_inner][mk_fancy_title color=&#8220;#ffffff&#8220; size=&#8220;50&#8243; font_weight=&#8220;bold&#8220; font_family=&#8220;none&#8220; responsive_align=&#8220;left&#8220;]Pocket CowCard Android[\/mk_fancy_title][mk_fancy_title tag_name=&#8220;h6&#8243; color=&#8220;#ffffff&#8220; size=&#8220;&#8220; margin_bottom=&#8220;&#8220; font_family=&#8220;none&#8220; responsive_align=&#8220;left&#8220;]Alle Tierinfos in Ihrer Hand! Pocket CowCard ist die mobile Version von DairyComp f\u00fcr Ihr Telefon oder Tablet.<br \/>\n[\/mk_fancy_title][\/vc_column_inner][\/vc_row_inner][\/vc_column][\/mk_page_section][mk_page_section bg_position=&#8220;center center&#8220; bg_repeat=&#8220;no-repeat&#8220; padding_top=&#8220;50&#8243; padding_bottom=&#8220;50&#8243; el_class=&#8220;content&#8220; sidebar=&#8220;sidebar-1&#8243;][vc_column][vc_row_inner][vc_column_inner][mk_fancy_title tag_name=&#8220;h3&#8243; color=&#8220;#84a23d&#8220; size=&#8220;&#8220; font_family=&#8220;none&#8220;]\u00dcber Pocket CowCard Android<br \/>\n[\/mk_fancy_title][vc_column_text css=&#8220;.vc_custom_1533235723548{margin-bottom: 0px !important;}&#8220;]Pocket CowCard Android erm\u00f6glicht Ihnen die Ansicht Ihrer Kuhdaten auf dem Telefon. Mit dem Android-Telefon k\u00f6nnen Sie ohne gro\u00dfen Aufwand alle Ereignisinformationen f\u00fcr individuelle Tiere ansehen. Dies schlie\u00dft MLP-Daten, vorangegangene Laktationen, t\u00e4gliche Milchmengen sowie benutzerdefinierte Items ein. Pocket CowCard ist nutzerfreundlich und in der Anwendung ebenso einfach wie Ihr Telefon. Sie k\u00f6nnen auch einen Scanner via Bluetooth mit Ihrem Telefon oder Tablet koppeln, um EID-Ohrmarken zu lesen f\u00fcr eine sichere Tiererkennung. Die Eingaben zum jeweiligen Tier mach Sie direkt \u00fcber das Telefon oder Tablet. Empfohlen wird ein Samsung-Ger\u00e4t mit SD-Kartensteckplatz. Fragen Sie am besten ihr VAS Support Team nach einer Demo-Version f\u00fcr Ihr Telefon\/ Tablet \u2013 Wir freuen uns Ihnen diese zu zeigen!<\/p>\n[\/vc_column_text][\/vc_column_inner][\/vc_row_inner][vc_row_inner][vc_column_inner][mk_gallery images=&#8220;181&#8243; column=&#8220;1&#8243; image_size=&#8220;full&#8220; hover_scenarios=&#8220;slow_zoom&#8220;][\/vc_column_inner][\/vc_row_inner][\/vc_column][\/mk_page_section]\n","protected":false},"excerpt":{"rendered":"<p>[mk_page_section bg_image=&#8220;https:\/\/globalvas.wpengine.com\/de\/wp-content\/uploads\/sites\/3\/2018\/08\/ih0a7603.jpg&#8220; bg_position=&#8220;center center&#8220; bg_repeat=&#8220;no-repeat&#8220; bg_stretch=&#8220;true&#8220; enable_3d=&#8220;true&#8220; min_height=&#8220;&#8220; full_width=&#8220;true&#8220; js_vertical_centered=&#8220;true&#8220; padding_top=&#8220;&#8220; padding_bottom=&#8220;&#8220; margin_bottom=&#8220;&#8220; section_id=&#8220;mainHeader&#8220; sidebar=&#8220;sidebar-1&#8243;][vc_column][vc_row_inner is_fullwidth_content=&#8220;false&#8220; css=&#8220;.vc_custom_1528990361822{padding-right: 15px !important;padding-left: 15px !important;}&#8220;][vc_column_inner][mk_fancy_title color=&#8220;#ffffff&#8220; size=&#8220;50&#8243; font_weight=&#8220;bold&#8220; font_family=&#8220;none&#8220; responsive_align=&#8220;left&#8220;]Pocket CowCard Android[\/mk_fancy_title][mk_fancy_title tag_name=&#8220;h6&#8243; color=&#8220;#ffffff&#8220; size=&#8220;&#8220; margin_bottom=&#8220;&#8220; font_family=&#8220;none&#8220; responsive_align=&#8220;left&#8220;]Alle Tierinfos in Ihrer Hand! Pocket CowCard ist die mobile Version von DairyComp f\u00fcr Ihr Telefon oder Tablet. [\/mk_fancy_title][\/vc_column_inner][\/vc_row_inner][\/vc_column][\/mk_page_section][mk_page_section bg_position=&#8220;center center&#8220; bg_repeat=&#8220;no-repeat&#8220; [&hellip;]<\/p>\n","protected":false},"author":9,"featured_media":0,"parent":0,"menu_order":0,"comment_status":"closed","ping_status":"closed","template":"","meta":{"footnotes":""},"_links":{"self":[{"href":"https:\/\/global.vas.com\/de\/wp-json\/wp\/v2\/pages\/541"}],"collection":[{"href":"https:\/\/global.vas.com\/de\/wp-json\/wp\/v2\/pages"}],"about":[{"href":"https:\/\/global.vas.com\/de\/wp-json\/wp\/v2\/types\/page"}],"author":[{"embeddable":true,"href":"https:\/\/global.vas.com\/de\/wp-json\/wp\/v2\/users\/9"}],"replies":[{"embeddable":true,"href":"https:\/\/global.vas.com\/de\/wp-json\/wp\/v2\/comments?post=541"}],"version-history":[{"count":0,"href":"https:\/\/global.vas.com\/de\/wp-json\/wp\/v2\/pages\/541\/revisions"}],"wp:attachment":[{"href":"https:\/\/global.vas.com\/de\/wp-json\/wp\/v2\/media?parent=541"}],"curies":[{"name":"wp","href":"https:\/\/api.w.org\/{rel}","templated":true}]}}