{"id":389,"date":"2018-06-11T15:29:27","date_gmt":"2018-06-11T15:29:27","guid":{"rendered":"https:\/\/globalvas.wpengine.com\/de\/?page_id=389"},"modified":"2018-08-02T15:57:23","modified_gmt":"2018-08-02T15:57:23","slug":"inspiration","status":"publish","type":"page","link":"https:\/\/global.vas.com\/de\/inspiration\/","title":{"rendered":"Inspiration"},"content":{"rendered":"[mk_page_section bg_image=&#8220;https:\/\/globalvas.wpengine.com\/de\/wp-content\/uploads\/sites\/3\/img\/header\/4C2_13571.jpg&#8220; bg_position=&#8220;center center&#8220; bg_repeat=&#8220;no-repeat&#8220; bg_stretch=&#8220;true&#8220; enable_3d=&#8220;true&#8220; min_height=&#8220;&#8220; full_width=&#8220;true&#8220; js_vertical_centered=&#8220;true&#8220; padding_top=&#8220;&#8220; padding_bottom=&#8220;&#8220; margin_bottom=&#8220;&#8220; section_id=&#8220;mainHeader&#8220; sidebar=&#8220;sidebar-1&#8243;][vc_column][vc_row_inner is_fullwidth_content=&#8220;false&#8220; css=&#8220;.vc_custom_1528932294636{padding-right: 15px !important;padding-left: 15px !important;}&#8220;][vc_column_inner][mk_fancy_title color=&#8220;#ffffff&#8220; size=&#8220;50&#8243; font_weight=&#8220;bold&#8220; font_family=&#8220;none&#8220; responsive_align=&#8220;left&#8220;]Landwirte weltweit inspirieren uns, mehr zu tun[\/mk_fancy_title][mk_fancy_title tag_name=&#8220;h5&#8243; color=&#8220;#ffffff&#8220; size=&#8220;&#8220; font_family=&#8220;none&#8220; responsive_align=&#8220;left&#8220;]Sie sind die Inspiration, die uns dazu bringt, Software und Hardware zu schaffen, die f\u00fcr Sie arbeitet.[\/mk_fancy_title][\/vc_column_inner][\/vc_row_inner][\/vc_column][\/mk_page_section][mk_page_section bg_position=&#8220;center center&#8220; bg_repeat=&#8220;no-repeat&#8220; padding_top=&#8220;50&#8243; padding_bottom=&#8220;50&#8243; el_class=&#8220;inspirationSection&#8220; sidebar=&#8220;sidebar-1&#8243;][vc_column][vc_row_inner el_class=&#8220;inspirationPosts&#8220;][vc_column_inner][mk_blog style=&#8220;grid&#8220; column=&#8220;2&#8243; post_count=&#8220;4&#8243; cat=&#8220;32&#8243;][\/vc_column_inner][\/vc_row_inner][\/vc_column][\/mk_page_section][mk_page_section bg_image=&#8220;https:\/\/globalvas.wpengine.com\/de\/wp-content\/uploads\/sites\/3\/img\/header\/4C2_18011.jpg&#8220; bg_position=&#8220;center center&#8220; bg_repeat=&#8220;no-repeat&#8220; bg_stretch=&#8220;true&#8220; enable_3d=&#8220;true&#8220; adaptive_height=&#8220;true&#8220; max_height=&#8220;800&#8243; min_height=&#8220;600&#8243; full_width=&#8220;true&#8220; padding_top=&#8220;50&#8243; padding_bottom=&#8220;50&#8243; el_class=&#8220;height-70&#8243; sidebar=&#8220;sidebar-1&#8243;][vc_column][\/vc_column][\/mk_page_section][vc_row el_class=&#8220;shift-up-small z-99&#8243;][vc_column width=&#8220;1\/2&#8243;][\/vc_column][vc_column width=&#8220;1\/2&#8243; el_class=&#8220;white-point&#8220; css=&#8220;.vc_custom_1529016616277{padding: 15px !important;background-color: #ffffff !important;}&#8220;][vc_column_text css=&#8220;.vc_custom_1533225428217{margin-bottom: 0px !important;}&#8220;]<span style=\"color: #134e73;\">&#8222;Wenn ich das mit individuellen Papierberichten machen m\u00fcsste, w\u00fcrde es Wochen dauern, alle K\u00fche durchzugehen. Jetzt kann ich es in drei Stunden machen. DairyComp gibt uns jeden Monat einen Schnappschuss, um diesen mit der gleichen Zeit im vergangenen Jahr zu vergleichen. Und ich kann es an die Dinge anpassen, die ich sehen m\u00f6chte. Ich kann K\u00fche sortieren. Ich kann K\u00fche finden. Ich bin es gewohnt, alles im Rahmen von DairyComp zu betrachten. Es ist ein sehr umfangreiches Programm, aber auch sehr benutzerfreundlich. Sobald Sie es f\u00fcr eine Weile benutzen, wird es immer einfacher und einfacher es zu bedienen. Es macht meine Arbeit viel einfacher &#8211; in jedem Bereich, den ich mir vorstellen kann.&#8220;<\/span><\/p>\n<p><span style=\"color: #84a23d;\">Fern Oak Farms<\/span>[\/vc_column_text][\/vc_column][\/vc_row][mk_page_section bg_position=&#8220;center center&#8220; bg_repeat=&#8220;no-repeat&#8220; padding_top=&#8220;50&#8243; padding_bottom=&#8220;50&#8243; sidebar=&#8220;sidebar-1&#8243;][vc_column][vc_row_inner][vc_column_inner][mk_fancy_title tag_name=&#8220;h3&#8243; color=&#8220;#84a23d&#8220; size=&#8220;&#8220; font_family=&#8220;none&#8220;]Aktuelles[\/mk_fancy_title][mk_blog style=&#8220;thumbnail&#8220; grid_image_height=&#8220;250&#8243; post_count=&#8220;4&#8243; cat=&#8220;8&#8243;][\/vc_column_inner][\/vc_row_inner][\/vc_column][\/mk_page_section]\n","protected":false},"excerpt":{"rendered":"<p>[mk_page_section bg_image=&#8220;https:\/\/globalvas.wpengine.com\/de\/wp-content\/uploads\/sites\/3\/img\/header\/4C2_13571.jpg&#8220; bg_position=&#8220;center center&#8220; bg_repeat=&#8220;no-repeat&#8220; bg_stretch=&#8220;true&#8220; enable_3d=&#8220;true&#8220; min_height=&#8220;&#8220; full_width=&#8220;true&#8220; js_vertical_centered=&#8220;true&#8220; padding_top=&#8220;&#8220; padding_bottom=&#8220;&#8220; margin_bottom=&#8220;&#8220; section_id=&#8220;mainHeader&#8220; sidebar=&#8220;sidebar-1&#8243;][vc_column][vc_row_inner is_fullwidth_content=&#8220;false&#8220; css=&#8220;.vc_custom_1528932294636{padding-right: 15px !important;padding-left: 15px !important;}&#8220;][vc_column_inner][mk_fancy_title color=&#8220;#ffffff&#8220; size=&#8220;50&#8243; font_weight=&#8220;bold&#8220; font_family=&#8220;none&#8220; responsive_align=&#8220;left&#8220;]Landwirte weltweit inspirieren uns, mehr zu tun[\/mk_fancy_title][mk_fancy_title tag_name=&#8220;h5&#8243; color=&#8220;#ffffff&#8220; size=&#8220;&#8220; font_family=&#8220;none&#8220; responsive_align=&#8220;left&#8220;]Sie sind die Inspiration, die uns dazu bringt, Software und Hardware zu schaffen, die f\u00fcr Sie arbeitet.[\/mk_fancy_title][\/vc_column_inner][\/vc_row_inner][\/vc_column][\/mk_page_section][mk_page_section bg_position=&#8220;center center&#8220; [&hellip;]<\/p>\n","protected":false},"author":9,"featured_media":0,"parent":0,"menu_order":0,"comment_status":"closed","ping_status":"closed","template":"","meta":{"footnotes":""},"_links":{"self":[{"href":"https:\/\/global.vas.com\/de\/wp-json\/wp\/v2\/pages\/389"}],"collection":[{"href":"https:\/\/global.vas.com\/de\/wp-json\/wp\/v2\/pages"}],"about":[{"href":"https:\/\/global.vas.com\/de\/wp-json\/wp\/v2\/types\/page"}],"author":[{"embeddable":true,"href":"https:\/\/global.vas.com\/de\/wp-json\/wp\/v2\/users\/9"}],"replies":[{"embeddable":true,"href":"https:\/\/global.vas.com\/de\/wp-json\/wp\/v2\/comments?post=389"}],"version-history":[{"count":0,"href":"https:\/\/global.vas.com\/de\/wp-json\/wp\/v2\/pages\/389\/revisions"}],"wp:attachment":[{"href":"https:\/\/global.vas.com\/de\/wp-json\/wp\/v2\/media?parent=389"}],"curies":[{"name":"wp","href":"https:\/\/api.w.org\/{rel}","templated":true}]}}